{"id":253,"date":"2020-07-09T16:23:04","date_gmt":"2020-07-09T14:23:04","guid":{"rendered":"http:\/\/sac-ccc.de\/?page_id=253"},"modified":"2021-01-31T10:58:59","modified_gmt":"2021-01-31T09:58:59","slug":"projekte","status":"publish","type":"page","link":"https:\/\/sac-ccc.de\/?page_id=253","title":{"rendered":"Projekte"},"content":{"rendered":"\t\t<div data-elementor-type=\"wp-page\" data-elementor-id=\"253\" class=\"elementor elementor-253\">\n\t\t\t\t\t\t<section class=\"elementor-section elementor-top-section elementor-element elementor-element-27bc9f8 elementor-section-boxed elementor-section-height-default elementor-section-height-default\" data-id=\"27bc9f8\" data-element_type=\"section\" data-e-type=\"section\" data-settings=\"{&quot;background_background&quot;:&quot;classic&quot;}\">\n\t\t\t\t\t\t<div class=\"elementor-container elementor-column-gap-default\">\n\t\t\t\t\t<div class=\"elementor-column elementor-col-25 elementor-top-column elementor-element elementor-element-970ed9e\" data-id=\"970ed9e\" data-element_type=\"column\" data-e-type=\"column\">\n\t\t\t<div class=\"elementor-widget-wrap elementor-element-populated\">\n\t\t\t\t\t\t<div class=\"elementor-element elementor-element-85aa85a elementor-widget elementor-widget-spacer\" data-id=\"85aa85a\" data-element_type=\"widget\" data-e-type=\"widget\" data-widget_type=\"spacer.default\">\n\t\t\t\t<div class=\"elementor-widget-container\">\n\t\t\t\t\t\t\t<div class=\"elementor-spacer\">\n\t\t\t<div class=\"elementor-spacer-inner\"><\/div>\n\t\t<\/div>\n\t\t\t\t\t\t<\/div>\n\t\t\t\t<\/div>\n\t\t\t\t<div class=\"elementor-element elementor-element-27352ab elementor-widget elementor-widget-heading\" data-id=\"27352ab\" data-element_type=\"widget\" data-e-type=\"widget\" data-widget_type=\"heading.default\">\n\t\t\t\t<div class=\"elementor-widget-container\">\n\t\t\t\t\t<h2 class=\"elementor-heading-title elementor-size-default\">Kuhprojekt<\/h2>\t\t\t\t<\/div>\n\t\t\t\t<\/div>\n\t\t\t\t<div class=\"elementor-element elementor-element-c3b01f0 elementor-widget elementor-widget-image\" data-id=\"c3b01f0\" data-element_type=\"widget\" data-e-type=\"widget\" data-widget_type=\"image.default\">\n\t\t\t\t<div class=\"elementor-widget-container\">\n\t\t\t\t\t\t\t\t\t\t\t\t\t\t\t<img decoding=\"async\" src=\"https:\/\/sac-ccc.de\/wp-content\/uploads\/elementor\/thumbs\/Kuhprojekt-os9ibat8zi3r6n9vjkepunc545f19gbnao8lf6oh8g.png\" title=\"Kuhprojekt\" alt=\"Kuhprojekt\" loading=\"lazy\" \/>\t\t\t\t\t\t\t\t\t\t\t\t\t\t\t<\/div>\n\t\t\t\t<\/div>\n\t\t\t\t<div class=\"elementor-element elementor-element-22f92a0 elementor-widget elementor-widget-text-editor\" data-id=\"22f92a0\" data-element_type=\"widget\" data-e-type=\"widget\" data-widget_type=\"text-editor.default\">\n\t\t\t\t<div class=\"elementor-widget-container\">\n\t\t\t\t\t\t\t\t\t<p>Dabei erh\u00e4lt die Frau einer armen Familie eine Kuh und verbessert durch den Verkauf der Milch oder des getrockneten Dungs das Familieneinkommen. Gleichzeitig wird die Position der Frau gest\u00e4rkt. <\/p>\t\t\t\t\t\t\t\t<\/div>\n\t\t\t\t<\/div>\n\t\t\t\t\t<\/div>\n\t\t<\/div>\n\t\t\t\t<div class=\"elementor-column elementor-col-25 elementor-top-column elementor-element elementor-element-5ab39d0\" data-id=\"5ab39d0\" data-element_type=\"column\" data-e-type=\"column\">\n\t\t\t<div class=\"elementor-widget-wrap elementor-element-populated\">\n\t\t\t\t\t\t<div class=\"elementor-element elementor-element-9295c6e elementor-widget elementor-widget-spacer\" data-id=\"9295c6e\" data-element_type=\"widget\" data-e-type=\"widget\" data-widget_type=\"spacer.default\">\n\t\t\t\t<div class=\"elementor-widget-container\">\n\t\t\t\t\t\t\t<div class=\"elementor-spacer\">\n\t\t\t<div class=\"elementor-spacer-inner\"><\/div>\n\t\t<\/div>\n\t\t\t\t\t\t<\/div>\n\t\t\t\t<\/div>\n\t\t\t\t<div class=\"elementor-element elementor-element-09e0b40 elementor-widget elementor-widget-heading\" data-id=\"09e0b40\" data-element_type=\"widget\" data-e-type=\"widget\" data-widget_type=\"heading.default\">\n\t\t\t\t<div class=\"elementor-widget-container\">\n\t\t\t\t\t<h2 class=\"elementor-heading-title elementor-size-default\">Kinderheime<\/h2>\t\t\t\t<\/div>\n\t\t\t\t<\/div>\n\t\t\t\t<div class=\"elementor-element elementor-element-fce6923 elementor-widget elementor-widget-image\" data-id=\"fce6923\" data-element_type=\"widget\" data-e-type=\"widget\" data-widget_type=\"image.default\">\n\t\t\t\t<div class=\"elementor-widget-container\">\n\t\t\t\t\t\t\t\t\t\t\t\t\t\t\t<img decoding=\"async\" src=\"https:\/\/sac-ccc.de\/wp-content\/uploads\/elementor\/thumbs\/Stra\u00dfenkinder-os9k0v8omudvn5ue16h06411upyjfqqprejj1ne5og.png\" title=\"Stra\u00dfenkinder\" alt=\"Stra\u00dfenkinder\" loading=\"lazy\" \/>\t\t\t\t\t\t\t\t\t\t\t\t\t\t\t<\/div>\n\t\t\t\t<\/div>\n\t\t\t\t<div class=\"elementor-element elementor-element-0835ed4 elementor-widget elementor-widget-text-editor\" data-id=\"0835ed4\" data-element_type=\"widget\" data-e-type=\"widget\" data-widget_type=\"text-editor.default\">\n\t\t\t\t<div class=\"elementor-widget-container\">\n\t\t\t\t\t\t\t\t\t<p>Die Kinderheime sind in erster Linie f\u00fcr Stra\u00dfenkinder gedacht. SAC-CCC stellt sichere Nachtquartiere, Essen, Kleidung und eine medizinische Versorgung zur Verf\u00fcgung.<\/p>\t\t\t\t\t\t\t\t<\/div>\n\t\t\t\t<\/div>\n\t\t\t\t\t<\/div>\n\t\t<\/div>\n\t\t\t\t<div class=\"elementor-column elementor-col-25 elementor-top-column elementor-element elementor-element-b83e915\" data-id=\"b83e915\" data-element_type=\"column\" data-e-type=\"column\">\n\t\t\t<div class=\"elementor-widget-wrap elementor-element-populated\">\n\t\t\t\t\t\t<div class=\"elementor-element elementor-element-05d9faa elementor-widget elementor-widget-spacer\" data-id=\"05d9faa\" data-element_type=\"widget\" data-e-type=\"widget\" data-widget_type=\"spacer.default\">\n\t\t\t\t<div class=\"elementor-widget-container\">\n\t\t\t\t\t\t\t<div class=\"elementor-spacer\">\n\t\t\t<div class=\"elementor-spacer-inner\"><\/div>\n\t\t<\/div>\n\t\t\t\t\t\t<\/div>\n\t\t\t\t<\/div>\n\t\t\t\t<div class=\"elementor-element elementor-element-0f68530 elementor-widget elementor-widget-heading\" data-id=\"0f68530\" data-element_type=\"widget\" data-e-type=\"widget\" data-widget_type=\"heading.default\">\n\t\t\t\t<div class=\"elementor-widget-container\">\n\t\t\t\t\t<h2 class=\"elementor-heading-title elementor-size-default\">Hospital<\/h2>\t\t\t\t<\/div>\n\t\t\t\t<\/div>\n\t\t\t\t<div class=\"elementor-element elementor-element-a75318b elementor-widget elementor-widget-image\" data-id=\"a75318b\" data-element_type=\"widget\" data-e-type=\"widget\" data-widget_type=\"image.default\">\n\t\t\t\t<div class=\"elementor-widget-container\">\n\t\t\t\t\t\t\t\t\t\t\t\t\t\t\t<img decoding=\"async\" src=\"https:\/\/sac-ccc.de\/wp-content\/uploads\/elementor\/thumbs\/Hospital-os9ityvuq1nrru5nj4wyvfqpuneh51fq72ork0zznk.png\" title=\"Hospital\" alt=\"Hospital\" loading=\"lazy\" \/>\t\t\t\t\t\t\t\t\t\t\t\t\t\t\t<\/div>\n\t\t\t\t<\/div>\n\t\t\t\t<div class=\"elementor-element elementor-element-90ce5fc elementor-widget elementor-widget-text-editor\" data-id=\"90ce5fc\" data-element_type=\"widget\" data-e-type=\"widget\" data-widget_type=\"text-editor.default\">\n\t\t\t\t<div class=\"elementor-widget-container\">\n\t\t\t\t\t\t\t\t\t<p>Durch den Bau eines Krankenhauses in dem sehr armen Distrikt Chittoor kann SAC-CCC die medizinische Grund- und Notfallversorgung f\u00fcr viele Menschen gew\u00e4hrleisten.<\/p>\t\t\t\t\t\t\t\t<\/div>\n\t\t\t\t<\/div>\n\t\t\t\t\t<\/div>\n\t\t<\/div>\n\t\t\t\t<div class=\"elementor-column elementor-col-25 elementor-top-column elementor-element elementor-element-e09c55c\" data-id=\"e09c55c\" data-element_type=\"column\" data-e-type=\"column\">\n\t\t\t<div class=\"elementor-widget-wrap elementor-element-populated\">\n\t\t\t\t\t\t<div class=\"elementor-element elementor-element-b8f7fdf elementor-widget elementor-widget-spacer\" data-id=\"b8f7fdf\" data-element_type=\"widget\" data-e-type=\"widget\" data-widget_type=\"spacer.default\">\n\t\t\t\t<div class=\"elementor-widget-container\">\n\t\t\t\t\t\t\t<div class=\"elementor-spacer\">\n\t\t\t<div class=\"elementor-spacer-inner\"><\/div>\n\t\t<\/div>\n\t\t\t\t\t\t<\/div>\n\t\t\t\t<\/div>\n\t\t\t\t<div class=\"elementor-element elementor-element-7bd15bf elementor-widget elementor-widget-heading\" data-id=\"7bd15bf\" data-element_type=\"widget\" data-e-type=\"widget\" data-widget_type=\"heading.default\">\n\t\t\t\t<div class=\"elementor-widget-container\">\n\t\t\t\t\t<h2 class=\"elementor-heading-title elementor-size-default\">Bildungsprogramme <\/h2>\t\t\t\t<\/div>\n\t\t\t\t<\/div>\n\t\t\t\t<div class=\"elementor-element elementor-element-3d139ea elementor-widget elementor-widget-image\" data-id=\"3d139ea\" data-element_type=\"widget\" data-e-type=\"widget\" data-widget_type=\"image.default\">\n\t\t\t\t<div class=\"elementor-widget-container\">\n\t\t\t\t\t\t\t\t\t\t\t\t\t\t\t<img decoding=\"async\" src=\"https:\/\/sac-ccc.de\/wp-content\/uploads\/elementor\/thumbs\/Bildungsprogramme-os9jvvpidhk41n365iv9fvc0e4jfljxzepxsdsscow.png\" title=\"Bildungsprogramme\" alt=\"Bildungsprogramme\" loading=\"lazy\" \/>\t\t\t\t\t\t\t\t\t\t\t\t\t\t\t<\/div>\n\t\t\t\t<\/div>\n\t\t\t\t<div class=\"elementor-element elementor-element-08af497 elementor-widget elementor-widget-text-editor\" data-id=\"08af497\" data-element_type=\"widget\" data-e-type=\"widget\" data-widget_type=\"text-editor.default\">\n\t\t\t\t<div class=\"elementor-widget-container\">\n\t\t\t\t\t\t\t\t\t<p>Durch Lehrg\u00e4nge f\u00fcr Frauen, in denen diese N\u00e4hmaschine n\u00e4hen, stricken, korbflechten u.a. lernen, kann diesen eine zus\u00e4tzliche Erwerbsquelle erschlossen werden.<\/p>\t\t\t\t\t\t\t\t<\/div>\n\t\t\t\t<\/div>\n\t\t\t\t\t<\/div>\n\t\t<\/div>\n\t\t\t\t\t<\/div>\n\t\t<\/section>\n\t\t\t\t<section class=\"elementor-section elementor-top-section elementor-element elementor-element-f813b5c elementor-section-boxed elementor-section-height-default elementor-section-height-default\" data-id=\"f813b5c\" data-element_type=\"section\" data-e-type=\"section\">\n\t\t\t\t\t\t\t<div class=\"elementor-background-overlay\"><\/div>\n\t\t\t\t\t\t\t<div class=\"elementor-container elementor-column-gap-default\">\n\t\t\t\t\t<div class=\"elementor-column elementor-col-100 elementor-top-column elementor-element elementor-element-54f0ee8\" data-id=\"54f0ee8\" data-element_type=\"column\" data-e-type=\"column\">\n\t\t\t<div class=\"elementor-widget-wrap elementor-element-populated\">\n\t\t\t\t\t\t<div class=\"elementor-element elementor-element-bfe2591 elementor-align-center elementor-widget elementor-widget-button\" data-id=\"bfe2591\" data-element_type=\"widget\" data-e-type=\"widget\" data-widget_type=\"button.default\">\n\t\t\t\t<div class=\"elementor-widget-container\">\n\t\t\t\t\t\t\t\t\t<div class=\"elementor-button-wrapper\">\n\t\t\t\t\t<a class=\"elementor-button elementor-button-link elementor-size-sm\" href=\"https:\/\/sac-ccc.de\/\">\n\t\t\t\t\t\t<span class=\"elementor-button-content-wrapper\">\n\t\t\t\t\t\t\t\t\t<span class=\"elementor-button-text\">zur\u00fcck<\/span>\n\t\t\t\t\t<\/span>\n\t\t\t\t\t<\/a>\n\t\t\t\t<\/div>\n\t\t\t\t\t\t\t\t<\/div>\n\t\t\t\t<\/div>\n\t\t\t\t\t<\/div>\n\t\t<\/div>\n\t\t\t\t\t<\/div>\n\t\t<\/section>\n\t\t\t\t<\/div>\n\t\t","protected":false},"excerpt":{"rendered":"<p>Kuhprojekt Dabei erh\u00e4lt die Frau einer armen Familie eine Kuh und verbessert durch den Verkauf der Milch oder des getrockneten Dungs das Familieneinkommen. Gleichzeitig wird die Position der Frau gest\u00e4rkt. Kinderheime Die Kinderheime sind in erster Linie f\u00fcr Stra\u00dfenkinder gedacht. SAC-CCC stellt sichere Nachtquartiere, Essen, Kleidung und eine medizinische Versorgung zur Verf\u00fcgung. Hospital Durch den [&hellip;]<\/p>\n","protected":false},"author":1,"featured_media":0,"parent":0,"menu_order":0,"comment_status":"closed","ping_status":"closed","template":"","meta":{"ocean_post_layout":"full-screen","ocean_both_sidebars_style":"","ocean_both_sidebars_content_width":0,"ocean_both_sidebars_sidebars_width":0,"ocean_sidebar":"0","ocean_second_sidebar":"0","ocean_disable_margins":"enable","ocean_add_body_class":"","ocean_shortcode_before_top_bar":"","ocean_shortcode_after_top_bar":"","ocean_shortcode_before_header":"","ocean_shortcode_after_header":"","ocean_has_shortcode":"","ocean_shortcode_after_title":"","ocean_shortcode_before_footer_widgets":"","ocean_shortcode_after_footer_widgets":"","ocean_shortcode_before_footer_bottom":"","ocean_shortcode_after_footer_bottom":"","ocean_display_top_bar":"default","ocean_display_header":"default","ocean_header_style":"","ocean_center_header_left_menu":"0","ocean_custom_header_template":"0","ocean_custom_logo":0,"ocean_custom_retina_logo":0,"ocean_custom_logo_max_width":0,"ocean_custom_logo_tablet_max_width":0,"ocean_custom_logo_mobile_max_width":0,"ocean_custom_logo_max_height":0,"ocean_custom_logo_tablet_max_height":0,"ocean_custom_logo_mobile_max_height":0,"ocean_header_custom_menu":"0","ocean_menu_typo_font_family":"0","ocean_menu_typo_font_subset":"","ocean_menu_typo_font_size":0,"ocean_menu_typo_font_size_tablet":0,"ocean_menu_typo_font_size_mobile":0,"ocean_menu_typo_font_size_unit":"px","ocean_menu_typo_font_weight":"","ocean_menu_typo_font_weight_tablet":"","ocean_menu_typo_font_weight_mobile":"","ocean_menu_typo_transform":"","ocean_menu_typo_transform_tablet":"","ocean_menu_typo_transform_mobile":"","ocean_menu_typo_line_height":0,"ocean_menu_typo_line_height_tablet":0,"ocean_menu_typo_line_height_mobile":0,"ocean_menu_typo_line_height_unit":"","ocean_menu_typo_spacing":0,"ocean_menu_typo_spacing_tablet":0,"ocean_menu_typo_spacing_mobile":0,"ocean_menu_typo_spacing_unit":"","ocean_menu_link_color":"","ocean_menu_link_color_hover":"","ocean_menu_link_color_active":"","ocean_menu_link_background":"","ocean_menu_link_hover_background":"","ocean_menu_link_active_background":"","ocean_menu_social_links_bg":"","ocean_menu_social_hover_links_bg":"","ocean_menu_social_links_color":"","ocean_menu_social_hover_links_color":"","ocean_disable_title":"on","ocean_disable_heading":"default","ocean_post_title":"","ocean_post_subheading":"","ocean_post_title_style":"","ocean_post_title_background_color":"","ocean_post_title_background":0,"ocean_post_title_bg_image_position":"","ocean_post_title_bg_image_attachment":"","ocean_post_title_bg_image_repeat":"","ocean_post_title_bg_image_size":"","ocean_post_title_height":0,"ocean_post_title_bg_overlay":0.5,"ocean_post_title_bg_overlay_color":"","ocean_disable_breadcrumbs":"default","ocean_breadcrumbs_color":"","ocean_breadcrumbs_separator_color":"","ocean_breadcrumbs_links_color":"","ocean_breadcrumbs_links_hover_color":"","ocean_display_footer_widgets":"default","ocean_display_footer_bottom":"default","ocean_custom_footer_template":"0","footnotes":""},"class_list":["post-253","page","type-page","status-publish","hentry","entry"],"yoast_head":"<!-- This site is optimized with the Yoast SEO plugin v27.5 - https:\/\/yoast.com\/product\/yoast-seo-wordpress\/ -->\n<title>Projekte - SAC-CCC.de<\/title>\n<meta name=\"robots\" content=\"index, follow, max-snippet:-1, max-image-preview:large, max-video-preview:-1\" \/>\n<link rel=\"canonical\" href=\"https:\/\/sac-ccc.de\/?page_id=253\" \/>\n<meta property=\"og:locale\" content=\"de_DE\" \/>\n<meta property=\"og:type\" content=\"article\" \/>\n<meta property=\"og:title\" content=\"Projekte - SAC-CCC.de\" \/>\n<meta property=\"og:description\" content=\"Kuhprojekt Dabei erh\u00e4lt die Frau einer armen Familie eine Kuh und verbessert durch den Verkauf der Milch oder des getrockneten Dungs das Familieneinkommen. Gleichzeitig wird die Position der Frau gest\u00e4rkt. Kinderheime Die Kinderheime sind in erster Linie f\u00fcr Stra\u00dfenkinder gedacht. SAC-CCC stellt sichere Nachtquartiere, Essen, Kleidung und eine medizinische Versorgung zur Verf\u00fcgung. Hospital Durch den [&hellip;]\" \/>\n<meta property=\"og:url\" content=\"https:\/\/sac-ccc.de\/?page_id=253\" \/>\n<meta property=\"og:site_name\" content=\"SAC-CCC.de\" \/>\n<meta property=\"article:modified_time\" content=\"2021-01-31T09:58:59+00:00\" \/>\n<meta property=\"og:image\" content=\"https:\/\/sac-ccc.de\/wp-content\/uploads\/elementor\/thumbs\/Kuhprojekt-os9ibat8zi3r6n9vjkepunc545f19gbnao8lf6oh8g.png\" \/>\n<meta name=\"twitter:card\" content=\"summary_large_image\" \/>\n<meta name=\"twitter:label1\" content=\"Gesch\u00e4tzte Lesezeit\" \/>\n\t<meta name=\"twitter:data1\" content=\"2\u00a0Minuten\" \/>\n<script type=\"application\/ld+json\" class=\"yoast-schema-graph\">{\"@context\":\"https:\\\/\\\/schema.org\",\"@graph\":[{\"@type\":\"WebPage\",\"@id\":\"https:\\\/\\\/sac-ccc.de\\\/?page_id=253\",\"url\":\"https:\\\/\\\/sac-ccc.de\\\/?page_id=253\",\"name\":\"Projekte - SAC-CCC.de\",\"isPartOf\":{\"@id\":\"https:\\\/\\\/sac-ccc.de\\\/#website\"},\"primaryImageOfPage\":{\"@id\":\"https:\\\/\\\/sac-ccc.de\\\/?page_id=253#primaryimage\"},\"image\":{\"@id\":\"https:\\\/\\\/sac-ccc.de\\\/?page_id=253#primaryimage\"},\"thumbnailUrl\":\"https:\\\/\\\/sac-ccc.de\\\/wp-content\\\/uploads\\\/elementor\\\/thumbs\\\/Kuhprojekt-os9ibat8zi3r6n9vjkepunc545f19gbnao8lf6oh8g.png\",\"datePublished\":\"2020-07-09T14:23:04+00:00\",\"dateModified\":\"2021-01-31T09:58:59+00:00\",\"breadcrumb\":{\"@id\":\"https:\\\/\\\/sac-ccc.de\\\/?page_id=253#breadcrumb\"},\"inLanguage\":\"de\",\"potentialAction\":[{\"@type\":\"ReadAction\",\"target\":[\"https:\\\/\\\/sac-ccc.de\\\/?page_id=253\"]}]},{\"@type\":\"ImageObject\",\"inLanguage\":\"de\",\"@id\":\"https:\\\/\\\/sac-ccc.de\\\/?page_id=253#primaryimage\",\"url\":\"https:\\\/\\\/sac-ccc.de\\\/wp-content\\\/uploads\\\/elementor\\\/thumbs\\\/Kuhprojekt-os9ibat8zi3r6n9vjkepunc545f19gbnao8lf6oh8g.png\",\"contentUrl\":\"https:\\\/\\\/sac-ccc.de\\\/wp-content\\\/uploads\\\/elementor\\\/thumbs\\\/Kuhprojekt-os9ibat8zi3r6n9vjkepunc545f19gbnao8lf6oh8g.png\"},{\"@type\":\"BreadcrumbList\",\"@id\":\"https:\\\/\\\/sac-ccc.de\\\/?page_id=253#breadcrumb\",\"itemListElement\":[{\"@type\":\"ListItem\",\"position\":1,\"name\":\"Startseite\",\"item\":\"https:\\\/\\\/sac-ccc.de\\\/\"},{\"@type\":\"ListItem\",\"position\":2,\"name\":\"Projekte\"}]},{\"@type\":\"WebSite\",\"@id\":\"https:\\\/\\\/sac-ccc.de\\\/#website\",\"url\":\"https:\\\/\\\/sac-ccc.de\\\/\",\"name\":\"SAC-CCC.de\",\"description\":\"Hilfe f\u00fcr Indien\",\"publisher\":{\"@id\":\"https:\\\/\\\/sac-ccc.de\\\/#organization\"},\"potentialAction\":[{\"@type\":\"SearchAction\",\"target\":{\"@type\":\"EntryPoint\",\"urlTemplate\":\"https:\\\/\\\/sac-ccc.de\\\/?s={search_term_string}\"},\"query-input\":{\"@type\":\"PropertyValueSpecification\",\"valueRequired\":true,\"valueName\":\"search_term_string\"}}],\"inLanguage\":\"de\"},{\"@type\":\"Organization\",\"@id\":\"https:\\\/\\\/sac-ccc.de\\\/#organization\",\"name\":\"SAC-CCC.de\",\"url\":\"https:\\\/\\\/sac-ccc.de\\\/\",\"logo\":{\"@type\":\"ImageObject\",\"inLanguage\":\"de\",\"@id\":\"https:\\\/\\\/sac-ccc.de\\\/#\\\/schema\\\/logo\\\/image\\\/\",\"url\":\"https:\\\/\\\/sac-ccc.de\\\/wp-content\\\/uploads\\\/2020\\\/06\\\/Logo.png\",\"contentUrl\":\"https:\\\/\\\/sac-ccc.de\\\/wp-content\\\/uploads\\\/2020\\\/06\\\/Logo.png\",\"width\":300,\"height\":50,\"caption\":\"SAC-CCC.de\"},\"image\":{\"@id\":\"https:\\\/\\\/sac-ccc.de\\\/#\\\/schema\\\/logo\\\/image\\\/\"}}]}<\/script>\n<!-- \/ Yoast SEO plugin. -->","yoast_head_json":{"title":"Projekte - SAC-CCC.de","robots":{"index":"index","follow":"follow","max-snippet":"max-snippet:-1","max-image-preview":"max-image-preview:large","max-video-preview":"max-video-preview:-1"},"canonical":"https:\/\/sac-ccc.de\/?page_id=253","og_locale":"de_DE","og_type":"article","og_title":"Projekte - SAC-CCC.de","og_description":"Kuhprojekt Dabei erh\u00e4lt die Frau einer armen Familie eine Kuh und verbessert durch den Verkauf der Milch oder des getrockneten Dungs das Familieneinkommen. Gleichzeitig wird die Position der Frau gest\u00e4rkt. Kinderheime Die Kinderheime sind in erster Linie f\u00fcr Stra\u00dfenkinder gedacht. SAC-CCC stellt sichere Nachtquartiere, Essen, Kleidung und eine medizinische Versorgung zur Verf\u00fcgung. Hospital Durch den [&hellip;]","og_url":"https:\/\/sac-ccc.de\/?page_id=253","og_site_name":"SAC-CCC.de","article_modified_time":"2021-01-31T09:58:59+00:00","og_image":[{"url":"https:\/\/sac-ccc.de\/wp-content\/uploads\/elementor\/thumbs\/Kuhprojekt-os9ibat8zi3r6n9vjkepunc545f19gbnao8lf6oh8g.png","type":"","width":"","height":""}],"twitter_card":"summary_large_image","twitter_misc":{"Gesch\u00e4tzte Lesezeit":"2\u00a0Minuten"},"schema":{"@context":"https:\/\/schema.org","@graph":[{"@type":"WebPage","@id":"https:\/\/sac-ccc.de\/?page_id=253","url":"https:\/\/sac-ccc.de\/?page_id=253","name":"Projekte - SAC-CCC.de","isPartOf":{"@id":"https:\/\/sac-ccc.de\/#website"},"primaryImageOfPage":{"@id":"https:\/\/sac-ccc.de\/?page_id=253#primaryimage"},"image":{"@id":"https:\/\/sac-ccc.de\/?page_id=253#primaryimage"},"thumbnailUrl":"https:\/\/sac-ccc.de\/wp-content\/uploads\/elementor\/thumbs\/Kuhprojekt-os9ibat8zi3r6n9vjkepunc545f19gbnao8lf6oh8g.png","datePublished":"2020-07-09T14:23:04+00:00","dateModified":"2021-01-31T09:58:59+00:00","breadcrumb":{"@id":"https:\/\/sac-ccc.de\/?page_id=253#breadcrumb"},"inLanguage":"de","potentialAction":[{"@type":"ReadAction","target":["https:\/\/sac-ccc.de\/?page_id=253"]}]},{"@type":"ImageObject","inLanguage":"de","@id":"https:\/\/sac-ccc.de\/?page_id=253#primaryimage","url":"https:\/\/sac-ccc.de\/wp-content\/uploads\/elementor\/thumbs\/Kuhprojekt-os9ibat8zi3r6n9vjkepunc545f19gbnao8lf6oh8g.png","contentUrl":"https:\/\/sac-ccc.de\/wp-content\/uploads\/elementor\/thumbs\/Kuhprojekt-os9ibat8zi3r6n9vjkepunc545f19gbnao8lf6oh8g.png"},{"@type":"BreadcrumbList","@id":"https:\/\/sac-ccc.de\/?page_id=253#breadcrumb","itemListElement":[{"@type":"ListItem","position":1,"name":"Startseite","item":"https:\/\/sac-ccc.de\/"},{"@type":"ListItem","position":2,"name":"Projekte"}]},{"@type":"WebSite","@id":"https:\/\/sac-ccc.de\/#website","url":"https:\/\/sac-ccc.de\/","name":"SAC-CCC.de","description":"Hilfe f\u00fcr Indien","publisher":{"@id":"https:\/\/sac-ccc.de\/#organization"},"potentialAction":[{"@type":"SearchAction","target":{"@type":"EntryPoint","urlTemplate":"https:\/\/sac-ccc.de\/?s={search_term_string}"},"query-input":{"@type":"PropertyValueSpecification","valueRequired":true,"valueName":"search_term_string"}}],"inLanguage":"de"},{"@type":"Organization","@id":"https:\/\/sac-ccc.de\/#organization","name":"SAC-CCC.de","url":"https:\/\/sac-ccc.de\/","logo":{"@type":"ImageObject","inLanguage":"de","@id":"https:\/\/sac-ccc.de\/#\/schema\/logo\/image\/","url":"https:\/\/sac-ccc.de\/wp-content\/uploads\/2020\/06\/Logo.png","contentUrl":"https:\/\/sac-ccc.de\/wp-content\/uploads\/2020\/06\/Logo.png","width":300,"height":50,"caption":"SAC-CCC.de"},"image":{"@id":"https:\/\/sac-ccc.de\/#\/schema\/logo\/image\/"}}]}},"_links":{"self":[{"href":"https:\/\/sac-ccc.de\/index.php?rest_route=\/wp\/v2\/pages\/253","targetHints":{"allow":["GET"]}}],"collection":[{"href":"https:\/\/sac-ccc.de\/index.php?rest_route=\/wp\/v2\/pages"}],"about":[{"href":"https:\/\/sac-ccc.de\/index.php?rest_route=\/wp\/v2\/types\/page"}],"author":[{"embeddable":true,"href":"https:\/\/sac-ccc.de\/index.php?rest_route=\/wp\/v2\/users\/1"}],"replies":[{"embeddable":true,"href":"https:\/\/sac-ccc.de\/index.php?rest_route=%2Fwp%2Fv2%2Fcomments&post=253"}],"version-history":[{"count":29,"href":"https:\/\/sac-ccc.de\/index.php?rest_route=\/wp\/v2\/pages\/253\/revisions"}],"predecessor-version":[{"id":471,"href":"https:\/\/sac-ccc.de\/index.php?rest_route=\/wp\/v2\/pages\/253\/revisions\/471"}],"wp:attachment":[{"href":"https:\/\/sac-ccc.de\/index.php?rest_route=%2Fwp%2Fv2%2Fmedia&parent=253"}],"curies":[{"name":"wp","href":"https:\/\/api.w.org\/{rel}","templated":true}]}}